{"id":6,"date":"2024-09-24T15:49:08","date_gmt":"2024-09-24T15:49:08","guid":{"rendered":"https:\/\/www.juntos.chuch\/?page_id=6"},"modified":"2024-09-24T20:22:23","modified_gmt":"2024-09-24T20:22:23","slug":"home","status":"publish","type":"page","link":"https:\/\/www.juntos.church\/es\/","title":{"rendered":"Hogar"},"content":{"rendered":"<header class=\"mt-header-main --sm\" style=\"background-color: #3fb8bf\">\n\t<div class=\"grid-container\">\n\t\t<div class=\"mt-hm__txt flex --align-center --justify-center\">\n\t\t\t<div>\n\n\t\t\t\t\n\t\t\t\t\t<h1> <\/h1>\n\n\t\t\t\t\t\n\t\t\t<\/div>\n\t\t<\/div>\n\t<\/div>\n\n\t\n\t\t\t\t<div class=\"mt-hm__overlay\"><\/div>\n\n\t\t\t\t<div class=\"mt-hm__img\" style=\"background-image: url('https:\/\/www.juntos.church\/wp-content\/uploads\/2024\/09\/Juntos-Series-LayoutsSeries-Title-e1691517520672.png');\"><\/div>\n\n\t\t\t\t<\/header>\n\n\n\n<section class=\"--intro wp-block-acf-content\">\n    <div class=\"grid-container\">\n        <p style=\"text-align: center;font-size: 20px\">La idea de un servicio Juntos naci\u00f3 en el coraz\u00f3n de Dios y de ECC, donde juntos cumplimos la gran comisi\u00f3n, acercando a las personas a Dios ofreciendo un servicio biling\u00fce y creando una plataforma para una iglesia multigeneracional que mantiene a las familias unidas glorificando a Dios.<\/p>\n<p style=\"text-align: center;font-size: 20px\">Para actualizaciones de Juntos, haga clic aqu\u00ed o comun\u00edquese con el pastor Henry al\u00a0<a href=\"mailto:Henry.Burbano@emmanuelcovenant.com\">Henry.Burbano@emmanuelcovenant.com<\/a>!<\/p>\n    <\/div>\n<\/section>\n\n\n\n<section class=\"wp-block-acf-content\">\n    <div class=\"grid-container\">\n        \n                <div class=\"grid-row --img-right\">\n                    <div class=\"col-xs-12 col-lg-6 flex --align-center --justify-center\">\n                        <div class=\"mt-acf-content__txt\">\n                            <h2 class=\"mt-section-title\">Conozca a la familia Burbano<\/h2><p>El pastor Henry Burbano ha estado felizmente casado con Olga Luc\u00eda Su\u00e1rez durante casi 20 a\u00f1os y tienen dos hijos, Caleb y Nathan. Adem\u00e1s de ser pastor local durante 18 a\u00f1os en Quito, Ecuador, con experiencia en capacitaci\u00f3n de l\u00edderes, terapia familiar y consejer\u00eda, Henry tambi\u00e9n se desempe\u00f1\u00f3 como presidente de la Iglesia del Pacto Evang\u00e9lico de Ecuador de 2012 a 2016. Desde 2018, han estado realizando trabajo de plantaci\u00f3n de iglesias en Houston, Texas. Le apasiona la creaci\u00f3n de visiones, la formaci\u00f3n de equipos, la predicaci\u00f3n, la ense\u00f1anza y el trabajo multicultural.<\/p>\n<p>Olga tiene veinte a\u00f1os de experiencia en educaci\u00f3n, ense\u00f1ando ingl\u00e9s y espa\u00f1ol como lenguas extranjeras. Tambi\u00e9n ha sido pastora junto a Henry, quienes se han involucrado en la plantaci\u00f3n de iglesias. Sus puntos fuertes incluyen la ense\u00f1anza, la tutor\u00eda, la consejer\u00eda, la predicaci\u00f3n, la planificaci\u00f3n de actividades y eventos y el trabajo multicultural.<\/p>\n                        <\/div>\n                    <\/div>\n                    <div class=\"col-xs-12 col-lg-6\">\n                        <img loading=\"lazy\" decoding=\"async\" width=\"600\" height=\"450\" src=\"\" class=\"lozad\" alt=\"\" srcset=\"https:\/\/www.juntos.church\/wp-content\/uploads\/2024\/09\/20240225_104249-600x450.jpg 600w, https:\/\/www.juntos.church\/wp-content\/uploads\/2024\/09\/20240225_104249-300x225.jpg 300w, https:\/\/www.juntos.church\/wp-content\/uploads\/2024\/09\/20240225_104249-1024x768.jpg 1024w, https:\/\/www.juntos.church\/wp-content\/uploads\/2024\/09\/20240225_104249-768x576.jpg 768w, https:\/\/www.juntos.church\/wp-content\/uploads\/2024\/09\/20240225_104249-1536x1152.jpg 1536w, https:\/\/www.juntos.church\/wp-content\/uploads\/2024\/09\/20240225_104249-2048x1536.jpg 2048w, https:\/\/www.juntos.church\/wp-content\/uploads\/2024\/09\/20240225_104249-1920x1440.jpg 1920w, https:\/\/www.juntos.church\/wp-content\/uploads\/2024\/09\/20240225_104249-1366x1025.jpg 1366w, https:\/\/www.juntos.church\/wp-content\/uploads\/2024\/09\/20240225_104249-500x375.jpg 500w, https:\/\/www.juntos.church\/wp-content\/uploads\/2024\/09\/20240225_104249-437x328.jpg 437w, https:\/\/www.juntos.church\/wp-content\/uploads\/2024\/09\/20240225_104249-425x319.jpg 425w, https:\/\/www.juntos.church\/wp-content\/uploads\/2024\/09\/20240225_104249-375x281.jpg 375w, https:\/\/www.juntos.church\/wp-content\/uploads\/2024\/09\/20240225_104249-200x150.jpg 200w, https:\/\/www.juntos.church\/wp-content\/uploads\/2024\/09\/20240225_104249-160x120.jpg 160w, https:\/\/www.juntos.church\/wp-content\/uploads\/2024\/09\/20240225_104249-128x96.jpg 128w, https:\/\/www.juntos.church\/wp-content\/uploads\/2024\/09\/20240225_104249-120x90.jpg 120w, https:\/\/www.juntos.church\/wp-content\/uploads\/2024\/09\/20240225_104249-96x72.jpg 96w, https:\/\/www.juntos.church\/wp-content\/uploads\/2024\/09\/20240225_104249-64x48.jpg 64w, https:\/\/www.juntos.church\/wp-content\/uploads\/2024\/09\/20240225_104249-40x30.jpg 40w, https:\/\/www.juntos.church\/wp-content\/uploads\/2024\/09\/20240225_104249-960x720.jpg 960w, https:\/\/www.juntos.church\/wp-content\/uploads\/2024\/09\/20240225_104249-1280x960.jpg 1280w\" data-src=\"https:\/\/www.juntos.church\/wp-content\/uploads\/2024\/09\/20240225_104249-600x450.jpg\" data-srcset=\"https:\/\/www.juntos.church\/wp-content\/uploads\/2024\/09\/20240225_104249-600x450.jpg 600w, https:\/\/www.juntos.church\/wp-content\/uploads\/2024\/09\/20240225_104249-300x225.jpg 300w, https:\/\/www.juntos.church\/wp-content\/uploads\/2024\/09\/20240225_104249-1024x768.jpg 1024w, https:\/\/www.juntos.church\/wp-content\/uploads\/2024\/09\/20240225_104249-768x576.jpg 768w, https:\/\/www.juntos.church\/wp-content\/uploads\/2024\/09\/20240225_104249-1536x1152.jpg 1536w, https:\/\/www.juntos.church\/wp-content\/uploads\/2024\/09\/20240225_104249-2048x1536.jpg 2048w, https:\/\/www.juntos.church\/wp-content\/uploads\/2024\/09\/20240225_104249-1920x1440.jpg 1920w, https:\/\/www.juntos.church\/wp-content\/uploads\/2024\/09\/20240225_104249-1366x1025.jpg 1366w, https:\/\/www.juntos.church\/wp-content\/uploads\/2024\/09\/20240225_104249-500x375.jpg 500w, https:\/\/www.juntos.church\/wp-content\/uploads\/2024\/09\/20240225_104249-437x328.jpg 437w, https:\/\/www.juntos.church\/wp-content\/uploads\/2024\/09\/20240225_104249-425x319.jpg 425w, https:\/\/www.juntos.church\/wp-content\/uploads\/2024\/09\/20240225_104249-375x281.jpg 375w, https:\/\/www.juntos.church\/wp-content\/uploads\/2024\/09\/20240225_104249-200x150.jpg 200w, https:\/\/www.juntos.church\/wp-content\/uploads\/2024\/09\/20240225_104249-160x120.jpg 160w, https:\/\/www.juntos.church\/wp-content\/uploads\/2024\/09\/20240225_104249-128x96.jpg 128w, https:\/\/www.juntos.church\/wp-content\/uploads\/2024\/09\/20240225_104249-120x90.jpg 120w, https:\/\/www.juntos.church\/wp-content\/uploads\/2024\/09\/20240225_104249-96x72.jpg 96w, https:\/\/www.juntos.church\/wp-content\/uploads\/2024\/09\/20240225_104249-64x48.jpg 64w, https:\/\/www.juntos.church\/wp-content\/uploads\/2024\/09\/20240225_104249-40x30.jpg 40w, https:\/\/www.juntos.church\/wp-content\/uploads\/2024\/09\/20240225_104249-960x720.jpg 960w, https:\/\/www.juntos.church\/wp-content\/uploads\/2024\/09\/20240225_104249-1280x960.jpg 1280w\" sizes=\"(min-width: 1024px) 600px, (min-width: 768px) 500px, (max-width: 767px), 300px\" \/>                    <\/div>\n                <\/div>\n\n                    <\/div>\n<\/section>","protected":false},"excerpt":{"rendered":"","protected":false},"author":1,"featured_media":0,"parent":0,"menu_order":0,"comment_status":"closed","ping_status":"closed","template":"","meta":{"_acf_changed":false,"footnotes":""},"class_list":["post-6","page","type-page","status-publish","hentry"],"acf":[],"_links":{"self":[{"href":"https:\/\/www.juntos.church\/es\/wp-json\/wp\/v2\/pages\/6"}],"collection":[{"href":"https:\/\/www.juntos.church\/es\/wp-json\/wp\/v2\/pages"}],"about":[{"href":"https:\/\/www.juntos.church\/es\/wp-json\/wp\/v2\/types\/page"}],"author":[{"embeddable":true,"href":"https:\/\/www.juntos.church\/es\/wp-json\/wp\/v2\/users\/1"}],"replies":[{"embeddable":true,"href":"https:\/\/www.juntos.church\/es\/wp-json\/wp\/v2\/comments?post=6"}],"version-history":[{"count":13,"href":"https:\/\/www.juntos.church\/es\/wp-json\/wp\/v2\/pages\/6\/revisions"}],"predecessor-version":[{"id":83,"href":"https:\/\/www.juntos.church\/es\/wp-json\/wp\/v2\/pages\/6\/revisions\/83"}],"wp:attachment":[{"href":"https:\/\/www.juntos.church\/es\/wp-json\/wp\/v2\/media?parent=6"}],"curies":[{"name":"wp","href":"https:\/\/api.w.org\/{rel}","templated":true}]}}